{"id":109,"date":"2023-09-01T14:15:22","date_gmt":"2023-09-01T14:15:22","guid":{"rendered":"https:\/\/veranstaltung.holzbau-deutschland.de\/?page_id=109"},"modified":"2025-06-30T09:37:05","modified_gmt":"2025-06-30T09:37:05","slug":"veranstalter","status":"publish","type":"page","link":"https:\/\/veranstaltung.holzbau-deutschland.de\/?page_id=109","title":{"rendered":"Unterst\u00fctzer"},"content":{"rendered":"\n<figure class=\"wp-block-image size-full\"><img loading=\"lazy\" decoding=\"async\" width=\"711\" height=\"485\" src=\"https:\/\/veranstaltung.holzbau-deutschland.de\/wp-content\/uploads\/2024\/06\/Leistungspartner.png\" alt=\"\" class=\"wp-image-252\" srcset=\"https:\/\/veranstaltung.holzbau-deutschland.de\/wp-content\/uploads\/2024\/06\/Leistungspartner.png 711w, https:\/\/veranstaltung.holzbau-deutschland.de\/wp-content\/uploads\/2024\/06\/Leistungspartner-300x205.png 300w\" sizes=\"auto, (max-width: 711px) 100vw, 711px\" \/><\/figure>\n\n\n\n<p>Die Leistungspartner von Holzbau Deutschland sind ein Zusammenschluss f\u00fchrender Hersteller von Baustoffen, Bauelementen und Baumaschinen mit Holzbau Deutschland \u2013 Bund Deutscher Zimmermeister und seinen Landesverb\u00e4nden.<\/p>\n\n\n\n<p>Die Gr\u00fcndung der Leistungspartner f\u00fcr den Holzbau im Jahr 2000 basiert auf der Erkenntnis, dass die Baustoffindustrie und die ausf\u00fchrende Wirtschaft, das Zimmererhandwerk, in verschiedenen Bereichen eng zusammenarbeiten k\u00f6nnen, um die Akzeptanz des Holzbaus zu st\u00e4rken.<\/p>\n\n\n\n<p>Weitere Informationen zu den Holzbau Deutschland Leistungspartnern finden Sie hier:<\/p>\n\n\n\n<p><a href=\"https:\/\/www.holzbau-deutschland-leistungspartner.de\/aktuelles\/\">www.holzbau-deutschland-leistungspartner.de<\/a><\/p>\n","protected":false},"excerpt":{"rendered":"<p>Die Leistungspartner von Holzbau Deutschland sind ein Zusammenschluss f\u00fchrender Hersteller von Baustoffen, Bauelementen und Baumaschinen mit Holzbau Deutschland \u2013 Bund Deutscher Zimmermeister und seinen Landesverb\u00e4nden. Die Gr\u00fcndung der Leistungspartner f\u00fcr den Holzbau im Jahr 2000 basiert auf der Erkenntnis, dass die Baustoffindustrie und die ausf\u00fchrende Wirtschaft, das Zimmererhandwerk, in verschiedenen Bereichen eng zusammenarbeiten k\u00f6nnen, um [&hellip;]<\/p>\n","protected":false},"author":1,"featured_media":0,"parent":0,"menu_order":0,"comment_status":"closed","ping_status":"closed","template":"","meta":{"footnotes":""},"class_list":["post-109","page","type-page","status-publish","hentry"],"_links":{"self":[{"href":"https:\/\/veranstaltung.holzbau-deutschland.de\/index.php?rest_route=\/wp\/v2\/pages\/109","targetHints":{"allow":["GET"]}}],"collection":[{"href":"https:\/\/veranstaltung.holzbau-deutschland.de\/index.php?rest_route=\/wp\/v2\/pages"}],"about":[{"href":"https:\/\/veranstaltung.holzbau-deutschland.de\/index.php?rest_route=\/wp\/v2\/types\/page"}],"author":[{"embeddable":true,"href":"https:\/\/veranstaltung.holzbau-deutschland.de\/index.php?rest_route=\/wp\/v2\/users\/1"}],"replies":[{"embeddable":true,"href":"https:\/\/veranstaltung.holzbau-deutschland.de\/index.php?rest_route=%2Fwp%2Fv2%2Fcomments&post=109"}],"version-history":[{"count":5,"href":"https:\/\/veranstaltung.holzbau-deutschland.de\/index.php?rest_route=\/wp\/v2\/pages\/109\/revisions"}],"predecessor-version":[{"id":253,"href":"https:\/\/veranstaltung.holzbau-deutschland.de\/index.php?rest_route=\/wp\/v2\/pages\/109\/revisions\/253"}],"wp:attachment":[{"href":"https:\/\/veranstaltung.holzbau-deutschland.de\/index.php?rest_route=%2Fwp%2Fv2%2Fmedia&parent=109"}],"curies":[{"name":"wp","href":"https:\/\/api.w.org\/{rel}","templated":true}]}}