{"id":79,"date":"2023-09-01T11:53:40","date_gmt":"2023-09-01T11:53:40","guid":{"rendered":"https:\/\/veranstaltung.holzbau-deutschland.de\/?page_id=79"},"modified":"2023-09-01T11:53:40","modified_gmt":"2023-09-01T11:53:40","slug":"datenschutz","status":"publish","type":"page","link":"https:\/\/veranstaltung.holzbau-deutschland.de\/?page_id=79","title":{"rendered":"Datenschutz"},"content":{"rendered":"\n<p><strong>Datenschutzerkl\u00e4rung<\/strong><\/p>\n\n\n\n<p>www.holzbau-deutschland-leistungspartner.de ist ein Angebot F\u00f6rdergesellschaft Holzbau und Ausbau mbH und enth\u00e4lt Telemedien im Sinne von \u00a7 1 Abs.1 Telemediengesetz.<\/p>\n\n\n\n<p>Die F\u00f6rdergesellschaft Holzbau und Ausbau mbH nimmt den Schutz Ihrer Daten bei der Erhebung, Verarbeitung und Nutzung anl\u00e4sslich Ihres Besuchs auf unserer Homepage sehr ernst. Ihre personenbezogenen Daten werden im Rahmen der gesetzlichen Vorschriften gesch\u00fctzt. Nachfolgend informieren wir Sie dar\u00fcber, welche personenbezogenen Daten wir w\u00e4hrend Ihres Besuchs auf unserer Homepage erheben, wo wir sie erheben und was wir mit diesen Daten machen. Au\u00dferdem informieren wir Sie \u00fcber Ihre Rechte in Datenschutzfragen und an wen Sie sich diesbez\u00fcglich wenden k\u00f6nnen.<\/p>\n\n\n\n<p>Bei jedem Zugriff eines Nutzers auf eine Webseite der F\u00f6rdergesellschaft Holzbau und Ausbau mbH und bei jedem Abruf einer Datei werden Daten der anfragenden Rechner in einer Protokolldatei gespeichert. Diese Speicherung dient ausschlie\u00dflich internen systembezogenen und statistischen Zwecken.<br><br><strong>Verarbeitung personenbezogener Daten<\/strong><br>Wenn Sie unsere Internetseite besuchen, speichern die Webserver standardm\u00e4\u00dfig tempor\u00e4r die Verbindungsdaten des anfragenden Rechners inkl. IP-Adresse, die Webseiten, die Sie bei uns besuchen, ggf. die Namen heruntergeladener Dateien, Datum\/Uhrzeit und Dauer Ihres Besuchs, die Erkennungsdaten des verwendeten Browser- und Betriebssystem-Typs sowie die Webseite, von der aus Sie uns besuchen. Ihre dabei zur Verf\u00fcgung gestellten Daten verwenden wir ausschlie\u00dflich zum Zweck der technischen Administration der Webseiten und zur Erf\u00fcllung angebotener Telemedien. Dies ist unser berechtigtes Interesse (Art. 6 Abs. 1 f) DSGVO. Die Server-Log-Daten werden gel\u00f6scht, sobald sie nicht mehr ben\u00f6tigt werden.<\/p>\n\n\n\n<p>Dar\u00fcber hinausgehende personenbezogene Angaben wie Ihr Name, Ihre Anschrift, Telefonnummer oder E-Mail-Adresse werden nicht erfasst, es sei denn, diese Angaben werden von Ihnen freiwillig gemacht, z.B. im Rahmen einer Registrierung, einer Informationsanfrage oder einer Bestellung. Wir verwenden Ihre freiwillig angegebenen Daten ausschlie\u00dflich f\u00fcr den Zweck, zu dem Sie uns diese \u00fcberlassen haben. Sie k\u00f6nnen der Nutzung jederzeit \u2013 mit Wirkung f\u00fcr die Zukunft &#8211; widersprechen. Eine Weitergabe Ihrer personenbezogenen Daten an Dritte erfolgt nicht, es sei denn, es ist zur Erf\u00fcllung Ihres Wunsches erforderlich.<\/p>\n\n\n\n<p><strong>Bestellung von Publikationen oder Werbeartikeln im Online-Shop<\/strong><br>Wir erheben Ihre Daten (z. B. Anrede, Name, Anschrift, E-Mailadresse, Telefonnummer) zum Zweck der Zusendung der von Ihnen bestellten Materialien. Die Datenverarbeitung beruht auf dem zugrundeliegenden Kaufvertrag gem\u00e4\u00df Art. 6 Abs. 1 b) DSGVO. Eine Weitergabe der Daten an Dritte findet nur statt, wenn dies zum Zwecke der Vertragsabwicklung \u2013 insbesondere Weitergabe von Bestelldaten an Lieferanten \u2013 oder zu Abrechnungszwecken erforderlich ist oder Sie zuvor bei der Bestellung in die Weitergabe an Dritte eingewilligt haben. Sie haben das Recht, eine erteilte Einwilligung mit Wirkung f\u00fcr die Zukunft jederzeit zu widerrufen. Die Daten werden gel\u00f6scht, sobald sie f\u00fcr den Zweck ihrer Verarbeitung nicht mehr erforderlich sind. Sie haben jederzeit das Recht, der Verwendung Ihrer Daten zum Zweck der Zusendung von bestellten Materialien zu widersprechen.<\/p>\n\n\n\n<p><strong>Anmeldung zu Videokonferenzen&nbsp;<br><\/strong>Wir erheben Ihre Daten (Name, Firma, Kontaktdaten), um Ihnen den Zugang zu einer Videokonferenz mit einem oder mehreren unserer Mitarbeiter zu erm\u00f6glichen. Die Datenerhebung ist notwendig um die Videokonferenz zu organisieren und die Identit\u00e4t der Teilnehmer sicherzustellen. Die Teilnahme an Videokonferenzen ist freiwillig, da auch andere Mittel der Kommunikation (z.B. Telefon) zur Verf\u00fcgung stehen. Mit der Annahme der Einladung zur Videokonferenz erkl\u00e4ren Sie Ihre Einwilligung zur Datenverarbeitung (Art. 6 Abs. 1 a) DSGVO und erhalten die Zugangsdaten zur Videokonferenz. Es steht Ihnen frei, an der Videokonferenz ohne \u00dcbertragung des eigenen Bildes teilzunehmen.<\/p>\n\n\n\n<p>Die Datenverarbeitung erfolgt z.B. durch die Anbieter LifeSize oder GoToMeeting, die beide in den USA ans\u00e4ssig sind:<\/p>\n\n\n\n<p>LifeSize, 1601 S. MoPac Expy Suite 100, Austin, Texas 78746<\/p>\n\n\n\n<p>GoToMeeting, Anbieter LogMeIn Inc., 320 Summer Street, Boston, MA 02210<\/p>\n\n\n\n<p>Ein Transfer Ihrer Daten (Name, Firma, eMail-Adresse, Ger\u00e4teidentifikations- und Verkehrsdaten, z.B. IP-Adresse, Web-Protokolle) in die USA kann daher nicht ausgeschlossen werden. Wir haben mit LifeSize und mit GoToMeeting jeweils einen Auftragsverarbeitungsvertrag geschlossen, in dem sich die beiden Firmen zur Einhaltung des Datenschutzes und der EU-Standardvertragsklauseln (DSGVO) verpflichten.&nbsp;<\/p>\n\n\n\n<p>Dar\u00fcber hinaus werden Bild- und Tondaten (falls Audio und Video aktiviert sind) an alle Teilnehmer \u201e\u00fcbermittelt\u201c \u2013 das ist der Sinn einer Videokonferenz.<\/p>\n\n\n\n<p>Die Videokonferenzdaten sind verschl\u00fcsselt. Die Videokonferenzen selbst werden nicht aufgezeichnet. Die oben genannten Daten werden gel\u00f6scht, sobald sie f\u00fcr den Zweck ihrer Verarbeitung nicht mehr erforderlich sind. Sie haben jederzeit das Recht, der Verwendung Ihrer Daten zur Organisation von Videokonferenzen zu widersprechen.<\/p>\n\n\n\n<p><strong>Cookies<\/strong><br>Um Ihnen maximalen Bedienkomfort zu bieten, setzen wir auf unserer Internetseite Cookies ein, die Nutzungsdaten \u00fcber Sie erfassen, w\u00e4hrend Sie unsere Webseiten besuchen: Cookies sind kleine Textdateien, die die Wiedererkennung erm\u00f6glichen, aber keine pers\u00f6nliche Identifikation Ihrer Person zulassen. Die Erfassung von Nutzungsdaten erfolgt anonymisiert, so dass ein R\u00fcckschluss auf Sie als Nutzer nicht m\u00f6glich ist; es werden keine personenbezogenen Daten gem. Artikel 4 Nr. 1 DSGVO erfasst. Die Speicherung erfolgt nur tempor\u00e4r, bis eine anonyme Auswertung erfolgt ist. Danach werden diese Daten dauerhaft gel\u00f6scht. Der Datenerhebung und -speicherung kann jederzeit mit Wirkung f\u00fcr die Zukunft widersprochen werden.<\/p>\n\n\n\n<p><strong>Sicherheit<\/strong><br>Wir setzen technische und organisatorische Sicherheitsma\u00dfnahmen ein, um Ihre bei uns gespeicherten personenbezogenen Daten gegen unbeabsichtigte oder unrechtm\u00e4\u00dfige Vernichtung, Verlust oder Ver\u00e4nderung sowie gegen unbefugte Offenlegung oder unbefugten Zugriff zu sch\u00fctzen. Unsere Sicherheitsstandards werden regelm\u00e4\u00dfig dem technologischen Fortschritt angepasst. Unsere Mitarbeiter sind zur Wahrung der Vertraulichkeit verpflichtet.<br><br><strong>Ihre Rechte<\/strong><br>Sie haben nach der Datenschutz-Grundverordnung verschiedene Rechte. Einzelheiten ergeben sich insbesondere aus Art. 15-18 und 21 DSGVO.<\/p>\n\n\n\n<p><strong>Recht auf Auskunft.<\/strong> Sie sind berechtigt, Auskunft \u00fcber die bei uns \u00fcber Sie gespeicherten personenbezogenen Daten zu verlangen.<\/p>\n\n\n\n<p><strong>Recht auf Berichtigung.<\/strong> Sollten die Sie betreffenden Angaben nicht (mehr) zutreffend sein, k\u00f6nnen Sie eine Berichtigung verlangen.<\/p>\n\n\n\n<p><strong>Recht auf Widerspruch. <\/strong>Sie haben das Recht, jederzeit der Verarbeitung der Sie betreffenden Daten zu widersprechen. Allerdings k\u00f6nnen wir dem nicht nachkommen, wenn eine Rechtsvorschrift uns zur Verarbeitung verpflichtet (z.B. gesetzliche Aufbewahrungspflichten). Falls Sie uns eine ausdr\u00fcckliche Einwilligung zur Verarbeitung Ihrer Daten gegeben haben, haben Sie jederzeit das Recht, diese \u2013 mit Wirkung f\u00fcr die Zukunft \u2013 zu widerrufen.<\/p>\n\n\n\n<p><strong>Recht auf L\u00f6schung.<\/strong> Sollte die Speicherung Ihrer Daten bei uns unzul\u00e4ssig sein (z.B. falls Sie der Datenverarbeitung widersprochen haben), k\u00f6nnen Sie die L\u00f6schung Ihrer personenbezogenen Daten verlangen.<\/p>\n\n\n\n<p><strong>Recht auf Einschr\u00e4nkung der Verarbeitung.<\/strong> Sie haben das Recht, eine Einschr\u00e4nkung der Verarbeitung der Sie betreffenden Daten zu verlangen.<\/p>\n\n\n\n<p><strong>Recht auf Beschwerde. <\/strong>Wenn Sie der Auffassung sind, dass wir Ihrem Anliegen nicht oder nicht in vollem Umfang nachgekommen sind, k\u00f6nnen Sie bei der zust\u00e4ndigen Datenschutzaufsichtsbeh\u00f6rde Beschwerde einlegen.<br><br><strong>Datenschutzbeauftragter<\/strong><br>Wenn Sie Fragen zum Datenschutz bei der F\u00f6rdergesellschaft Holzbau und Ausbau mbH haben oder zu den Daten, die wir zu Ihrer Person gespeichert haben, k\u00f6nnen Sie sich gerne direkt an uns wenden. Bitte schreiben Sie an:<br>F\u00f6rdergesellschaft Holzbau und Ausbau mbH<br>Kronenstr. 55-58<br>10117 Berlin<br>Tel.: +49 30 20314-0<br>eMail: info(at)fg-holzbau.de&nbsp;&nbsp; &nbsp;&nbsp;&nbsp; &nbsp;<br>www.fg-holzbau.de<br><\/p>\n\n\n\n<p>Diese Webseite verwendet Cookies. Wir verwenden Cookies, um Inhalte und Anzeigen zu personalisieren, Funktionen f\u00fcr soziale Medien anbieten zu k\u00f6nnen und die Zugriffe auf unsere Website zu analysieren. Au\u00dferdem geben wir Informationen zu Ihrer Verwendung unserer Website an unsere Partner f\u00fcr soziale Medien, Werbung und Analysen weiter. Unsere Partner f\u00fchren diese Informationen m\u00f6glicherweise mit weiteren Daten zusammen, die Sie ihnen bereitgestellt haben oder die sie im Rahmen Ihrer Nutzung der Dienste gesammelt haben.<\/p>\n\n\n\n<p>Cookies sind kleine Textdateien, die von Webseiten verwendet werden, um die Benutzererfahrung effizienter zu gestalten.<br>Laut Gesetz k\u00f6nnen wir Cookies auf Ihrem Ger\u00e4t speichern, wenn diese f\u00fcr den Betrieb dieser Seite unbedingt notwendig sind. F\u00fcr alle anderen Cookie-Typen ben\u00f6tigen wir Ihre Erlaubnis.<br>Diese Seite verwendet unterschiedliche Cookie-Typen. Einige Cookies werden von Drittparteien platziert, die auf unseren Seiten erscheinen.<br>Sie k\u00f6nnen Ihre Einwilligung jederzeit von der Cookie-Erkl\u00e4rung auf unserer Website \u00e4ndern oder widerrufen.<br>Erfahren Sie in unserer Datenschutzrichtlinie mehr dar\u00fcber, wer wir sind, wie Sie uns kontaktieren k\u00f6nnen und wie wir personenbezogene Daten verarbeiten.<br>Bitte geben Sie Ihre Einwilligungs-ID und das Datum an, wenn Sie uns bez\u00fcglich Ihrer Einwilligung kontaktieren.<\/p>\n\n\n\n<p>Ihre Einwilligung trifft auf die folgenden Domains zu: www.holzbau-deutschland-leistungspartner.de<\/p>\n","protected":false},"excerpt":{"rendered":"<p>Datenschutzerkl\u00e4rung www.holzbau-deutschland-leistungspartner.de ist ein Angebot F\u00f6rdergesellschaft Holzbau und Ausbau mbH und enth\u00e4lt Telemedien im Sinne von \u00a7 1 Abs.1 Telemediengesetz. Die F\u00f6rdergesellschaft Holzbau und Ausbau mbH nimmt den Schutz Ihrer Daten bei der Erhebung, Verarbeitung und Nutzung anl\u00e4sslich Ihres Besuchs auf unserer Homepage sehr ernst. Ihre personenbezogenen Daten werden im Rahmen der gesetzlichen Vorschriften gesch\u00fctzt. [&hellip;]<\/p>\n","protected":false},"author":1,"featured_media":0,"parent":0,"menu_order":0,"comment_status":"closed","ping_status":"closed","template":"","meta":{"footnotes":""},"class_list":["post-79","page","type-page","status-publish","hentry"],"_links":{"self":[{"href":"https:\/\/veranstaltung.holzbau-deutschland.de\/index.php?rest_route=\/wp\/v2\/pages\/79","targetHints":{"allow":["GET"]}}],"collection":[{"href":"https:\/\/veranstaltung.holzbau-deutschland.de\/index.php?rest_route=\/wp\/v2\/pages"}],"about":[{"href":"https:\/\/veranstaltung.holzbau-deutschland.de\/index.php?rest_route=\/wp\/v2\/types\/page"}],"author":[{"embeddable":true,"href":"https:\/\/veranstaltung.holzbau-deutschland.de\/index.php?rest_route=\/wp\/v2\/users\/1"}],"replies":[{"embeddable":true,"href":"https:\/\/veranstaltung.holzbau-deutschland.de\/index.php?rest_route=%2Fwp%2Fv2%2Fcomments&post=79"}],"version-history":[{"count":1,"href":"https:\/\/veranstaltung.holzbau-deutschland.de\/index.php?rest_route=\/wp\/v2\/pages\/79\/revisions"}],"predecessor-version":[{"id":80,"href":"https:\/\/veranstaltung.holzbau-deutschland.de\/index.php?rest_route=\/wp\/v2\/pages\/79\/revisions\/80"}],"wp:attachment":[{"href":"https:\/\/veranstaltung.holzbau-deutschland.de\/index.php?rest_route=%2Fwp%2Fv2%2Fmedia&parent=79"}],"curies":[{"name":"wp","href":"https:\/\/api.w.org\/{rel}","templated":true}]}}